{"id":3103,"date":"2025-01-22T09:01:31","date_gmt":"2025-01-22T08:01:31","guid":{"rendered":"https:\/\/www.isardvdi.com\/?page_id=3103"},"modified":"2026-03-31T08:23:10","modified_gmt":"2026-03-31T07:23:10","slug":"privacy-policy","status":"publish","type":"page","link":"https:\/\/www.isardvdi.com\/en\/privacy-policy\/","title":{"rendered":"Privacy policy"},"content":{"rendered":"<div class=\"gb-container gb-container-8dcff7ad\">\n<div class=\"gb-container gb-container-8007ae58\">\n\n<figure class=\"wp-block-table\"><table class=\"has-fixed-layout\"><tbody><tr><td colspan=\"2\"><strong>Information on data protection<\/strong><\/td><\/tr><tr><td><strong>Corporate name<\/strong><\/td><td>Identity: ISARDVDI, S.L. (hereinafter, \u201cISARDVDI\u201d).<br>Postal address: C\/ Marqu\u00e9s del Campo Sagrado, 24, 7-4 \u2013<br>08015 Barcelona<br>Telephone: +34 692 26 37 51<br>Email: info@isardvdi.com<\/td><\/tr><tr><td><strong>Purpose<\/strong><\/td><td>What do we use the data for?<br>This Privacy Policy sets out the terms under which we process personal data at ISARDVDI; this includes any personal data collected through our website https:\/\/www.isardvdi.com\/, as well as any other data we process in the course of our business activities.<br>ISARDVDI collects the following personal data for the purposes indicated below:<br>Contact form: The personal data collected through this form will be used exclusively to handle your request.<br>GitLab incident: The personal data collected through this website will be used exclusively to handle your incident; for more information, please read GitLab\u2019s Privacy Policy at: https:\/\/about.gitlab.com\/privacy\/<br>Candidate data: If you attend a job interview at our offices or send us your CV via other channels, your data will be used to fill any job vacancies at our company. If you become an employee, your personal data will be used exclusively to manage the employment relationship with ISARDVDI.<br>If you contact us by email, the personal data contained in it will be used exclusively to manage your request.<br><strong>How long do we keep your data?<\/strong><br>In accordance with applicable regulations, we inform you of the period for which we will retain your data, which depends on the use for which it is intended:<br>Data of potential customers who have interacted with ISARDVDI (for example, requesting information) but do not ultimately contract any service will be automatically deleted one year after the contact, provided that the potential customer has shown no further interest.<br>If a service is contracted, the data will be processed for the duration of the commercial relationship and, once concluded, for the time necessary to address possible legal liabilities.<br>Employment-related data will be processed for the duration of the employment relationship and, once concluded, for the time necessary to address possible breaches in this area.<br>If you take part in an interview for a job vacancy, your personal data will be stored for a period of one year, after which, if you have not been selected, it will be deleted from our systems.<br><br>A continuaci\u00f3, us informem del que ens permet tractar les dades, en funci\u00f3 de l\u2019\u00fas al qual es destinin.<br>Les dades de clients seran tractades per ISARDVDI per al compliment de la relaci\u00f3 contractual.<br>Les dades de treballadors seran tractades per ISARDVDI per al compliment de la relaci\u00f3 contractual<br><br><\/td><\/tr><tr><td><strong>Lawful basis<\/strong><\/td><td>Below we inform you what enables us to process your data, depending on the use for which it is intended.<br>Customer data will be processed by ISARDVDI for the performance of the contractual relationship.<br>Employee data will be processed by ISARDVDI for the performance of the contractual relationship<\/td><\/tr><tr><td><strong>Recipients<\/strong><\/td><td>Disclosures of data to third parties.<br>Your personal data will not be disclosed to third parties without your consent, except to service providers with whom we have a valid service contract, or where a law requires ISARDVDI to make such disclosure.<\/td><\/tr><tr><td><strong>Data categories<\/strong><\/td><td>Types of data processed:<br>Contact form:<br>First and last name.<br>Email.<br>Curriculum Vitae:<br>First and last name.<br>Email.<br>Telephone.<br>Postal address.<br>Academic background.<br>Work experience.<\/td><\/tr><tr><td><strong>Rights&nbsp;<\/strong><\/td><td>You have the right to:<br>Withdraw the consent given.<br>Access personal data.<br>Rectify personal data.<br>Erase personal data.<br>Lodge a complaint or request the protection of your rights with the Spanish Data Protection Agency (by post: c. Jorge Juan, 6 \u2013 28001 Madrid, or via its website: https:\/\/www.aepd.es\/).<br>Be informed of any security incident that may affect your rights.<br>Restriction of processing.<br>Data portability.<\/td><\/tr><\/tbody><\/table><\/figure>\n\n<\/div>\n<\/div>","protected":false},"excerpt":{"rendered":"","protected":false},"author":3,"featured_media":0,"parent":0,"menu_order":0,"comment_status":"closed","ping_status":"closed","template":"","meta":{"footnotes":""},"class_list":["post-3103","page","type-page","status-publish"],"_links":{"self":[{"href":"https:\/\/www.isardvdi.com\/en\/wp-json\/wp\/v2\/pages\/3103","targetHints":{"allow":["GET"]}}],"collection":[{"href":"https:\/\/www.isardvdi.com\/en\/wp-json\/wp\/v2\/pages"}],"about":[{"href":"https:\/\/www.isardvdi.com\/en\/wp-json\/wp\/v2\/types\/page"}],"author":[{"embeddable":true,"href":"https:\/\/www.isardvdi.com\/en\/wp-json\/wp\/v2\/users\/3"}],"replies":[{"embeddable":true,"href":"https:\/\/www.isardvdi.com\/en\/wp-json\/wp\/v2\/comments?post=3103"}],"version-history":[{"count":2,"href":"https:\/\/www.isardvdi.com\/en\/wp-json\/wp\/v2\/pages\/3103\/revisions"}],"predecessor-version":[{"id":3116,"href":"https:\/\/www.isardvdi.com\/en\/wp-json\/wp\/v2\/pages\/3103\/revisions\/3116"}],"wp:attachment":[{"href":"https:\/\/www.isardvdi.com\/en\/wp-json\/wp\/v2\/media?parent=3103"}],"curies":[{"name":"wp","href":"https:\/\/api.w.org\/{rel}","templated":true}]}}