{"id":3091,"date":"2026-02-02T08:15:13","date_gmt":"2026-02-02T07:15:13","guid":{"rendered":"https:\/\/www.isardvdi.com\/?page_id=3091"},"modified":"2026-03-31T08:16:38","modified_gmt":"2026-03-31T07:16:38","slug":"aviso-legal","status":"publish","type":"page","link":"https:\/\/www.isardvdi.com\/es\/aviso-legal\/","title":{"rendered":"Aviso legal"},"content":{"rendered":"<div class=\"gb-container gb-container-0ad15c1e\">\n<div class=\"gb-container gb-container-2b5bec37\">\n\n<p>Este Aviso legal regula el uso permitido de la p\u00e1gina https:\/\/www.isardvdi.com\/ seg\u00fan lo dispuesto a continuaci\u00f3n:<\/p>\n\n\n\n<p><strong>1. <\/strong><strong>Cumplimiento LSSI:<\/strong><strong> Art\u00edculo 10 Ley 34\/2002, de 11 de julio, de servicios a la sociedad de la informaci\u00f3n y comercio electr\u00f3nico.<\/strong><\/p>\n\n\n\n<p>Titular de la web: <strong>ISARDVDI, SL <\/strong>(en adelante, \u00ab<strong>ISARDVDI<\/strong>\u00ab).<\/p>\n\n\n\n<p>Direcci\u00f3n: C\/ Marqu\u00e9s del Campo Sagrado, 24, 7-4.<\/p>\n\n\n\n<p>CP: 08015&nbsp; Ciudad: Barcelona<\/p>\n\n\n\n<p>NIF.: B-01600261<\/p>\n\n\n\n<p>Inscrita en el registro mercantil de Barcelona, \u200b\u200bHoja B-548981 Tomo 47339 Folio 172 Inscripci\u00f3n 3<\/p>\n\n\n\n<p><strong>2. <\/strong><strong>Propiedad intelectual, industrial y responsabilidad sobre los contenidos:<\/strong><\/p>\n\n\n\n<p>1. Los derechos de propiedad intelectual de la presente p\u00e1gina web (<a href=\"https:\/\/www.isardvdi.site\/\">https:\/\/www.isardvdi.com\/<\/a>), su c\u00f3digo fuente, dise\u00f1o, fotograf\u00edas, textos, estructura de navegaci\u00f3n, bases de datos, marcas, logotipos, nombres comerciales y diferentes elementos que se contienen, son titularidad de ISARDVDI, a quien corresponde el ejercicio exclusivo de los derechos de explotaci\u00f3n en cualquier forma y, en especial, los derechos de reproducci\u00f3n, distribuci\u00f3n, comunicaci\u00f3n p\u00fablica y transformaci\u00f3n.<\/p>\n\n\n\n<p>2. Queda prohibido cualquier uso de todos los contenidos de la p\u00e1gina web, concretamente sobre los textos, dise\u00f1o, obras, marcas, logotipos, c\u00f3digo fuente y cualquier otro susceptible de protecci\u00f3n, sin la autorizaci\u00f3n expresa de sus titulares. Igualmente, todos los nombres comerciales, marcas o signos distintivos de cualquier clase contenidos en la p\u00e1gina web est\u00e1n protegidos por la Ley.<\/p>\n\n\n\n<p>3. El titular de la p\u00e1gina web no se hace responsable de los contenidos a los que se dirigen los enlaces ubicados en \u00e9sta, seg\u00fan lo establecido en el art\u00edculo 17 de la LSSICE.<\/p>\n\n\n\n<p>4. Los usuarios no podr\u00e1n emplear los contenidos de la web, pudiendo cogerlos, reproducirlos y distribuirlos, ni utilizarlos con fines comerciales ni manipularlos y hacer obras derivadas, sin haber obtenido antes el consentimiento o autorizaci\u00f3n de ISARDVDI.<\/p>\n\n\n\n<p>Adem\u00e1s, cualquier otra forma de explotaci\u00f3n, distinta de la mencionada en el p\u00e1rrafo anterior, por cualquier procedimiento, de todo o parte de los contenidos de esta p\u00e1gina web constituir\u00e1 una infracci\u00f3n de los derechos de propiedad intelectual y\/o industrial de la Compa\u00f1\u00eda o del titular de los mismos, pudiendo dar lugar al ejercicio por parte de ISARDVDI de todas las acciones judiciales o extrajudiciales que les pudieran corresponder en ejercicio de sus derechos.<\/p>\n\n\n\n<p>Asimismo, la informaci\u00f3n a la que el usuario puede acceder a trav\u00e9s de la web, puede estar protegida por derechos de propiedad industrial, intelectual o de cualquier otra \u00edndole. En consecuencia, ISARDVDI no ser\u00e1 responsable en ning\u00fan caso y bajo ning\u00fan concepto de las infracciones que pueda cometer el Usuario en relaci\u00f3n con estos derechos.<\/p>\n\n\n\n<p><strong>3<\/strong><strong>. Derechos de autor y marca:<\/strong><\/p>\n\n\n\n<p>ISARDVDI informa que los contenidos propios, la programaci\u00f3n y el dise\u00f1o de la p\u00e1gina Web se encuentran plenamente protegidos por los derechos de autor, quedando expresamente prohibida toda reproducci\u00f3n, comunicaci\u00f3n, distribuci\u00f3n y transformaci\u00f3n de los referidos elementos protegidos salvo consentimiento expreso de ISARDVDI.&nbsp;<\/p>\n\n\n\n<p>ISARDVDI puede establecer links o hiperenlaces a art\u00edculos o informaciones de terceros citando siempre la fuente. El leg\u00edtimo titular de los derechos de autor de estas informaciones as\u00ed incluidas, podr\u00e1 solicitar en cualquier momento la eliminaci\u00f3n de las referidas referencias.&nbsp;<\/p>\n\n\n\n<p><strong>4. <\/strong><strong>Condiciones de uso:<\/strong><\/p>\n\n\n\n<p>Respecto a la web, el usuario puede visualizar, imprimir y descargarse parcialmente el contenido de la web, \u00fanicamente si concurren las siguientes situaciones:<\/p>\n\n\n\n<p>&#8211; Que sea compatible con la finalidad del sitio web.<\/p>\n\n\n\n<p>&#8211; Que se realice con el exclusivo \u00e1nimo de obtener la informaci\u00f3n contenida para uso personal y privado. Se proh\u00edbe as\u00ed, expresamente, la utilizaci\u00f3n con fines comerciales.<\/p>\n\n\n\n<p>&#8211; Que ning\u00fan gr\u00e1fico, icono o imagen disponible en la web sea utilizado, copiado o distribuido separadamente del texto o resto de im\u00e1genes que lo acompa\u00f1an.<\/p>\n\n\n\n<p>El usuario se compromete a utilizar la p\u00e1gina web, los contenidos y servicios de conformidad con la Ley, el presente Aviso Legal, las buenas costumbres y el orden p\u00fablico.&nbsp;<\/p>\n\n\n\n<p>Del mismo modo, el usuario se obliga a no utilizar la p\u00e1gina web, sus contenidos o servicios que se presten a trav\u00e9s de \u00e9sta con fines o efectos il\u00edcitos, siendo contrarios a esta pol\u00edtica legal, o lesivos de intereses o derechos de terceros, o que, de cualquier otra forma, pueda da\u00f1ar, inutilizar, hacer inaccesibles o deteriorar la p\u00e1gina web, sus contenidos o sus servicios o impedir un normal uso de la misma por parte de otros usuarios.<\/p>\n\n\n\n<p>Asimismo, el usuario se compromete expresamente a no destruir, alterar, inutilizar o, de cualquier otra forma, da\u00f1ar los datos, programas o documentos electr\u00f3nicos que se encuentren en la web.<\/p>\n\n\n\n<p>Todo de acuerdo con lo indicado en el punto 2.4 anterior.<\/p>\n\n\n\n<p><strong>5. <\/strong><strong>Modificaciones en la web y condiciones de uso:<\/strong><\/p>\n\n\n\n<p>ISARDVDI se reserva el derecho de modificar y actualizar la informaci\u00f3n contenida en la web, as\u00ed como su configuraci\u00f3n, presentaci\u00f3n y condiciones de acceso.&nbsp;<\/p>\n\n\n\n<p>Asimismo, ISARDVDI se reserva el derecho de actualizar el presente Aviso legal sin previo aviso a los usuarios, cuando as\u00ed la normativa o la actualidad lo requiera.<\/p>\n\n\n\n<p><strong>6. <\/strong><strong>Limitaci\u00f3n de responsabilidad:<\/strong><\/p>\n\n\n\n<p>ISARDVDI no garantiza la inexistencia de errores o interrupciones en el acceso a la web o a su contenido ni que \u00e9ste se encuentre actualizado. Si bien, ISARDVDI emprender\u00e1 todas las acciones que est\u00e9n a su disposici\u00f3n para la soluci\u00f3n de cualquier error, desconexi\u00f3n o falta de actualizaci\u00f3n que pueda producirse en la web.<\/p>\n\n\n\n<p>Tanto el acceso a la web como el uso no consentido que pueda efectuarse de la informaci\u00f3n contenida, es de exclusiva responsabilidad de quien lo realiza. As\u00ed, ISARDVDI no se responsabiliza de cualquier consecuencia, da\u00f1o o perjuicio que pudiera derivarse de dicho acceso o uso por parte de terceros.<\/p>\n\n\n\n<p>ISARDVDI tampoco se responsabiliza de los errores de seguridad o da\u00f1os que puedan producirse como consecuencia de:<\/p>\n\n\n\n<p>&#8211; La presencia de un virus en el ordenador de los usuarios que sea utilizado para la conexi\u00f3n con los servicios y contenidos de la web.<\/p>\n\n\n\n<p>&#8211; Un mal funcionamiento del navegador.<\/p>\n\n\n\n<p>&#8211; Uso de versiones no actualizadas del navegador.<\/p>\n\n\n\n<p>ISARDVDI no garantiza la ausencia de virus u otros elementos en los contenidos que puedan producir alteraciones en el sistema inform\u00e1tico (hardware y software), en los documentos o ficheros de los usuarios.<\/p>\n\n\n\n<p><strong>7. <\/strong><strong>Legislaci\u00f3n aplicable y jurisdicci\u00f3n competente:<\/strong><\/p>\n\n\n\n<p>El presente Aviso legal queda sujeto a lo establecido en las leyes espa\u00f1olas.&nbsp;<\/p>\n\n\n\n<p>Para cualquier conflicto derivado de la interpretaci\u00f3n de las mismas, las partes se someten a la jurisdicci\u00f3n de los Tribunales de la ciudad de Barcelona (Espa\u00f1a), \u200b\u200bsiempre que ello no sea contrario a lo dispuesto en el art\u00edculo 29 de la LSSI.<\/p>\n\n<\/div>\n<\/div>","protected":false},"excerpt":{"rendered":"","protected":false},"author":3,"featured_media":0,"parent":0,"menu_order":0,"comment_status":"closed","ping_status":"closed","template":"","meta":{"footnotes":""},"class_list":["post-3091","page","type-page","status-publish"],"_links":{"self":[{"href":"https:\/\/www.isardvdi.com\/es\/wp-json\/wp\/v2\/pages\/3091","targetHints":{"allow":["GET"]}}],"collection":[{"href":"https:\/\/www.isardvdi.com\/es\/wp-json\/wp\/v2\/pages"}],"about":[{"href":"https:\/\/www.isardvdi.com\/es\/wp-json\/wp\/v2\/types\/page"}],"author":[{"embeddable":true,"href":"https:\/\/www.isardvdi.com\/es\/wp-json\/wp\/v2\/users\/3"}],"replies":[{"embeddable":true,"href":"https:\/\/www.isardvdi.com\/es\/wp-json\/wp\/v2\/comments?post=3091"}],"version-history":[{"count":1,"href":"https:\/\/www.isardvdi.com\/es\/wp-json\/wp\/v2\/pages\/3091\/revisions"}],"predecessor-version":[{"id":3092,"href":"https:\/\/www.isardvdi.com\/es\/wp-json\/wp\/v2\/pages\/3091\/revisions\/3092"}],"wp:attachment":[{"href":"https:\/\/www.isardvdi.com\/es\/wp-json\/wp\/v2\/media?parent=3091"}],"curies":[{"name":"wp","href":"https:\/\/api.w.org\/{rel}","templated":true}]}}