{"id":3097,"date":"2025-01-22T09:01:31","date_gmt":"2025-01-22T08:01:31","guid":{"rendered":"https:\/\/www.isardvdi.com\/?page_id=3097"},"modified":"2026-03-31T08:18:34","modified_gmt":"2026-03-31T07:18:34","slug":"politica-de-privacidad","status":"publish","type":"page","link":"https:\/\/www.isardvdi.com\/es\/politica-de-privacidad\/","title":{"rendered":"Pol\u00edtica de privacidad"},"content":{"rendered":"<div class=\"gb-container gb-container-8dcff7ad\">\n<div class=\"gb-container gb-container-8007ae58\">\n\n<figure class=\"wp-block-table\"><table class=\"has-fixed-layout\"><tbody><tr><td colspan=\"2\"><strong>Informaci\u00f3n sobre protecci\u00f3n de datos<\/strong><\/td><\/tr><tr><td><strong>Denominaci\u00f3n social<\/strong><\/td><td><strong>Identidad: ISARDVDI, S.L .<\/strong>(en adelante, \u00ab<strong>ISARDVDI<\/strong>\u00ab).<strong>Direcci\u00f3n postal: <\/strong>C\/ Marqu\u00e9s del Campo Sagrado, 24, 7-4 \u2013&nbsp;08015 Barcelona<strong>Tel\u00e9fono: <\/strong>+34 692 26 37 51<strong>Correo electr\u00f3nico: <\/strong><a href=\"mailto:info@isardvdi.com\">info@isardvdi.com<\/a>&nbsp;<\/td><\/tr><tr><td><strong>Finalidad<\/strong><\/td><td><strong>\u00bfPara qu\u00e9 usamos los datos?<\/strong>La siguiente Pol\u00edtica de Privacidad establece los t\u00e9rminos en que trataremos los datos personales en ISARDVDI; esto incluye cualquier dato personal recogido a trav\u00e9s de nuestra p\u00e1gina web https:\/\/www.isardvdi.com\/, as\u00ed como cualquier otro dato que tratemos en ejercicio de nuestras actividades empresariales.ISARDVDI recoge los siguientes datos personales con las finalidades a continuaci\u00f3n indicadas:Formulario de contacto: Los datos personales recogidos a trav\u00e9s de este formulario se utilizar\u00e1n exclusivamente para gestionar su solicitud.<br>&nbsp;&nbsp;&nbsp;&nbsp;Incidencia en GitLab: Los datos personales recogidos a trav\u00e9s de esta web se utilizar\u00e1n exclusivamente para gestionar su incidencia; as\u00ed mismo, para m\u00e1s informaci\u00f3n lea la Pol\u00edtica de Privacidad de GitLab en el siguiente enlace: <a href=\"https:\/\/about.gitlab.com\/privacy\/\">https:\/\/about.gitlab.com\/privacy\/<\/a>&nbsp;<br>Datos de los candidatos: En caso de que tenga una entrevista de trabajo en nuestras oficinas o env\u00ede su CV por otros canales, sus datos ser\u00e1n utilizados para cubrir cualquier vacante de empleo en nuestra empresa. En caso de ser empleado de nuestra empresa, sus datos personales ser\u00e1n utilizados exclusivamente para gestionar la relaci\u00f3n laboral con ISARDVDI.<br>En el caso que se ponga en contacto con nosotros mediante correo electr\u00f3nico, los datos personales recogidos en el mismo ser\u00e1n exclusivamente utilizados para gestionar su petici\u00f3n.<br><strong>\u00bfCu\u00e1nto tiempo custodiamos sus datos?<\/strong>A continuaci\u00f3n, y de acuerdo con la normativa vigente, le informamos del tiempo que mantendremos sus datos, que depende del tipo de uso al que sean destinados:Los datos de posibles clientes que, habiendo interactuado con ISARDVDI (por ejemplo, solicitando informaci\u00f3n), no acaben contratando ning\u00fan servicio, ser\u00e1n autom\u00e1ticamente eliminados pasado un a\u00f1o desde el contacto, siempre que el posible cliente no haya mostrado m\u00e1s inter\u00e9s en nuestros servicios.&nbsp;En caso de contratar alg\u00fan servicio, los datos ser\u00e1n tratados mientras dure la relaci\u00f3n comercial y, una vez concluida, por el tiempo necesario para responder ante posibles responsabilidades legales.&nbsp;En relaci\u00f3n con los datos laborales, \u00e9stos ser\u00e1n tratados mientras dure esta relaci\u00f3n y, una vez concluida, por el tiempo necesario para responder a posibles incumplimientos en este \u00e1mbito.&nbsp;En el supuesto de realizar alguna entrevista por una vacante laboral, sus datos personales ser\u00e1n archivados por un per\u00edodo de un a\u00f1o, despu\u00e9s del cual, si no se han seleccionado, ser\u00e1n borrados de nuestros sistemas.<\/td><\/tr><tr><td><strong>Legitimizaci\u00f3n<\/strong><\/td><td>A continuaci\u00f3n, le informamos qu\u00e9 nos permite tratar sus datos, en funci\u00f3n del uso para el que sean destinados.Los datos de los clientes ser\u00e1n tratados por ISARDVDI, para el cumplimiento de la relaci\u00f3n contractual.&nbsp;Los datos de los trabajadores ser\u00e1n tratados por ISARDVDI, para el cumplimiento de la relaci\u00f3n contractual.<\/td><\/tr><tr><td><strong>Destinatarios<\/strong><\/td><td><strong>Cesiones de datos a terceros<\/strong>Sus datos personales no ser\u00e1n cedidos a terceros sin su consentimiento, salvo aquellos proveedores de servicios con los que disponemos de un contrato de servicio vigente o que medie una ley que obligue a ISARDVDI a tal cesi\u00f3n de datos.<\/td><\/tr><tr><td><strong>Categor\u00eda de datos<\/strong><\/td><td><strong>Tipolog\u00eda de datos tratados:<\/strong>Formulario de contacto:Nombre y apellidos.Correo electr\u00f3nico.<br>Curr\u00edculum Vitae:Nombre y apellidos.Correo electr\u00f3nico.Tel\u00e9fono.Direcci\u00f3n postal.Historial acad\u00e9mico.Experiencia laboral.<\/td><\/tr><tr><td><strong>Derechos&nbsp;<\/strong><\/td><td><strong>Tiene derecho a:<\/strong>Revocar el consentimiento otorgado.Acceder a los datos personales.Rectificar los datos personales.Suprimir los datos personales.Presentar una denuncia o un escrito para la tutela de sus derechos ante la Agencia Espa\u00f1ola de Protecci\u00f3n de Datos (por correo postal: c. Jorge Juan, 6 \u2013 28001 Madrid o a trav\u00e9s de su p\u00e1gina web: <a href=\"https:\/\/www.aepd.es\/\">https:\/\/www.aepd.es\/<\/a>) .&nbsp;Ser informado de cualquier incidencia de seguridad que pueda afectar a sus derechos.Limitaci\u00f3n del tratamiento.Portabilidad.<\/td><\/tr><\/tbody><\/table><\/figure>\n\n<\/div>\n<\/div>","protected":false},"excerpt":{"rendered":"","protected":false},"author":3,"featured_media":0,"parent":0,"menu_order":0,"comment_status":"closed","ping_status":"closed","template":"","meta":{"footnotes":""},"class_list":["post-3097","page","type-page","status-publish"],"_links":{"self":[{"href":"https:\/\/www.isardvdi.com\/es\/wp-json\/wp\/v2\/pages\/3097","targetHints":{"allow":["GET"]}}],"collection":[{"href":"https:\/\/www.isardvdi.com\/es\/wp-json\/wp\/v2\/pages"}],"about":[{"href":"https:\/\/www.isardvdi.com\/es\/wp-json\/wp\/v2\/types\/page"}],"author":[{"embeddable":true,"href":"https:\/\/www.isardvdi.com\/es\/wp-json\/wp\/v2\/users\/3"}],"replies":[{"embeddable":true,"href":"https:\/\/www.isardvdi.com\/es\/wp-json\/wp\/v2\/comments?post=3097"}],"version-history":[{"count":1,"href":"https:\/\/www.isardvdi.com\/es\/wp-json\/wp\/v2\/pages\/3097\/revisions"}],"predecessor-version":[{"id":3098,"href":"https:\/\/www.isardvdi.com\/es\/wp-json\/wp\/v2\/pages\/3097\/revisions\/3098"}],"wp:attachment":[{"href":"https:\/\/www.isardvdi.com\/es\/wp-json\/wp\/v2\/media?parent=3097"}],"curies":[{"name":"wp","href":"https:\/\/api.w.org\/{rel}","templated":true}]}}