{"id":3105,"date":"2026-01-19T09:43:15","date_gmt":"2026-01-19T08:43:15","guid":{"rendered":"https:\/\/www.isardvdi.com\/?page_id=3105"},"modified":"2026-03-31T08:17:52","modified_gmt":"2026-03-31T07:17:52","slug":"politica-de-cookies","status":"publish","type":"page","link":"https:\/\/www.isardvdi.com\/es\/politica-de-cookies\/","title":{"rendered":"Pol\u00edtica de cookies"},"content":{"rendered":"<div class=\"gb-container gb-container-87af9b0d\">\n<div class=\"gb-container gb-container-7f7c2c2b\">\n\n<p>En cumplimiento de la Ley 34\/2002, de fecha 11 de julio, de servicios de la sociedad de la informaci\u00f3n y del comercio electr\u00f3nico, ISARDVDI, S.L., informa a sus usuarios de la utilizaci\u00f3n de cookies para mejorar el servicio prestado.<\/p>\n\n\n\n<p><strong>\u00bfQu\u00e9 son las cookies?<\/strong><\/p>\n\n\n\n<p>Una cookie es un fichero que se descarga en su ordenador al acceder a determinadas p\u00e1ginas webs. Las cookies permiten a una p\u00e1gina web, entre otras, almacenar y recuperar informaci\u00f3n sobre los h\u00e1bitos de navegaci\u00f3n de un usuario o de su equipo para, en funci\u00f3n del tipo de navegaci\u00f3n, poder ofrecer un mejor servicio a trav\u00e9s de la p\u00e1gina web.<\/p>\n\n\n\n<p><strong>\u00bfQu\u00e9 tipo de cookies utiliza esta p\u00e1gina web y cu\u00e1les son sus finalidades?<\/strong><\/p>\n\n\n\n<ul class=\"wp-block-list\">\n<li>Cookies t\u00e9cnicas: Son aqu\u00e9llas que permiten al usuario la navegaci\u00f3n a trav\u00e9s de una p\u00e1gina web, plataforma o aplicaci\u00f3n y la utilizaci\u00f3n de las diferentes opciones o servicios que en ella existan como, por ejemplo, controlar el tr\u00e1fico y la comunicaci\u00f3n de datos, identificar la sesi\u00f3n, acceder a partes de acceso restringido, recordar los elementos que integran un pedido, realizar el proceso de compra de un pedido, realizar la solicitud de inscripci\u00f3n o participaci\u00f3n en un evento, utilizar elementos de seguridad durante la navegaci\u00f3n, almacenar contenidos para la difusi\u00f3n de v\u00eddeos o sonido o compartir contenidos a trav\u00e9s de redes sociales.<\/li>\n\n\n\n<li>Cookies de an\u00e1lisis: Son aqu\u00e9llas que permiten al responsable de las mismas, el seguimiento y an\u00e1lisis del comportamiento de los usuarios de los sitios web a los que est\u00e1n vinculadas. La informaci\u00f3n recogida mediante este tipo de cookies se utiliza en la medici\u00f3n de la actividad de los sitios web, aplicaci\u00f3n o plataforma y para la elaboraci\u00f3n de perfiles de navegaci\u00f3n de los usuarios de dichos sitios, aplicaciones y plataformas, con el fin de introducir mejoras en funci\u00f3n del an\u00e1lisis de los datos de uso que hacen los usuarios del servicio.<\/li>\n\n\n\n<li>Cookies funcionales: Estas cookies permiten que el Sitio brinde funcionalidad y personalizaci\u00f3n mejoradas.<\/li>\n\n\n\n<li>Cookies publicitarias: Son aqu\u00e9llas que, bien tratadas por nosotros o por terceros, nos permiten gestionar de la forma m\u00e1s eficaz posible la oferta de los espacios publicitarios que hay en la p\u00e1gina web, adecuando el contenido del anuncio al contenido del servicio solicitado o al uso que realice de nuestra p\u00e1gina web. Para ello podemos analizar sus h\u00e1bitos de navegaci\u00f3n en Internet y podemos mostrarle publicidad relacionada con su perfil de navegaci\u00f3n.<\/li>\n<\/ul>\n\n\n\n<p>&nbsp;&nbsp;&nbsp;&nbsp;<strong>Cuadro de las Cookies que utiliza esta web<\/strong><\/p>\n\n\n\n<p>La tabla que hay a continuaci\u00f3n recoge de forma esquematizada las cookies que utiliza esta p\u00e1gina web:<\/p>\n\n\n\n<figure class=\"wp-block-table\"><table class=\"has-fixed-layout\"><tbody><tr><td><strong>Nombre<\/strong><\/td><td><strong>Responsable<\/strong><\/td><td><strong>Duraci\u00f3n<\/strong><\/td><td><strong>Descripci\u00f3n<\/strong><\/td><\/tr><tr><td>wordpress_test_cookie<\/td><td>Propia (WordPress)<\/td><td>Sesi\u00f3n<\/td><td>Verificar acceptaci\u00f3 cookies<\/td><\/tr><tr><td>wordpress_logged_in_*<\/td><td>Propia (WordPress)<\/td><td>Sesi\u00f3n<\/td><td>Mantiene la sesi\u00f3n de usuarios autenticados en el \u00e1rea de administraci\u00f3n.<\/td><\/tr><tr><td>wp-settings-*<\/td><td>Propia (WordPress)<\/td><td>1 a\u00f1o<\/td><td>Guarda preferencias del usuario en el panel de WordPress (solo usuarios registrados).<\/td><\/tr><tr><td>wp-settings-time-*<\/td><td>Propia (WordPress)<\/td><td>1 a\u00f1o<\/td><td>Almacena la hora en que se guardaron preferencias del usuario.<\/td><\/tr><tr><td>comment_author_*<\/td><td>Propia (WordPress)<\/td><td>1 a\u00f1o<\/td><td>Recuerda los datos del usuario si deja un comentario (solo si comentarios est\u00e1n activos).<\/td><\/tr><tr><td>cookie_notice_accepted (o similar)<\/td><td>Propia<\/td><td>1 a\u00f1o<\/td><td>Guarda la elecci\u00f3n del usuario respecto al aviso de cookies.<\/td><\/tr><tr><td>cmplz_*&nbsp;<\/td><td>Propia<\/td><td>1 a\u00f1o<\/td><td>Cookie t\u00e9cnica para gestionar el consentimiento de cookies.<\/td><\/tr><tr><td>_wpcf7<\/td><td>Propia<\/td><td>Sesi\u00f3n<\/td><td>Cookie t\u00e9cnica asociada al funcionamiento del formulario de contacto.<\/td><\/tr><\/tbody><\/table><\/figure>\n\n\n\n<p><strong>Permitir, bloquear o eliminar las cookies<\/strong><\/p>\n\n\n\n<p>Puede usted permitir, bloquear o eliminar las cookies instaladas en su equipo mediante la configuraci\u00f3n de las opciones del navegador instalado en su ordenador.<\/p>\n\n\n\n<p>Puede obtener m\u00e1s informaci\u00f3n sobre c\u00f3mo eliminar o bloquear las cookies de su navegador en:<\/p>\n\n\n\n<ul class=\"wp-block-list\">\n<li>Desactivar cookies en Chrome:&nbsp;<\/li>\n<\/ul>\n\n\n\n<figure class=\"wp-block-embed\"><div class=\"wp-block-embed__wrapper\">\nhttps:\/\/support.google.com\/chrome\/answer\/95647?hl=es\n<\/div><\/figure>\n\n\n\n<ul class=\"wp-block-list\">\n<li>Desactivar cookies en Firefox:&nbsp;<\/li>\n<\/ul>\n\n\n\n<figure class=\"wp-block-embed\"><div class=\"wp-block-embed__wrapper\">\nhttps:\/\/support.mozilla.org\/es\/kb\/habilitar-y-deshabilitar-cookies-sitios-web-rastrear-preferencias\n<\/div><\/figure>\n\n\n\n<ul class=\"wp-block-list\">\n<li>Desactivar cookies en Internet Explorer:&nbsp;<\/li>\n<\/ul>\n\n\n\n<p><a href=\"http:\/\/windows.microsoft.com\/es-es\/windows-vista\/block-or-allow-cookies\">http:\/\/windows.microsoft.com\/es-es\/windows-vista\/block-or-allow-cookies<\/a>&nbsp;&nbsp;<\/p>\n\n\n\n<ul class=\"wp-block-list\">\n<li>Desactivar cookies en Safari:&nbsp;<\/li>\n<\/ul>\n\n\n\n<p><a href=\"https:\/\/support.apple.com\/es-es\/guide\/safari\/sfri11471\/mac\">https:\/\/support.apple.com\/es-es\/guide\/safari\/sfri11471\/mac<\/a><\/p>\n\n\n\n<p>Para cualquier duda sobre nuestra pol\u00edtica de cookies puede dirigirse <a href=\"mailto:info@isardvdi.com\">info@isardvdi.com<\/a>&nbsp;<\/p>\n\n<\/div>\n<\/div>","protected":false},"excerpt":{"rendered":"","protected":false},"author":3,"featured_media":0,"parent":0,"menu_order":0,"comment_status":"closed","ping_status":"closed","template":"","meta":{"footnotes":""},"class_list":["post-3105","page","type-page","status-publish"],"_links":{"self":[{"href":"https:\/\/www.isardvdi.com\/es\/wp-json\/wp\/v2\/pages\/3105","targetHints":{"allow":["GET"]}}],"collection":[{"href":"https:\/\/www.isardvdi.com\/es\/wp-json\/wp\/v2\/pages"}],"about":[{"href":"https:\/\/www.isardvdi.com\/es\/wp-json\/wp\/v2\/types\/page"}],"author":[{"embeddable":true,"href":"https:\/\/www.isardvdi.com\/es\/wp-json\/wp\/v2\/users\/3"}],"replies":[{"embeddable":true,"href":"https:\/\/www.isardvdi.com\/es\/wp-json\/wp\/v2\/comments?post=3105"}],"version-history":[{"count":1,"href":"https:\/\/www.isardvdi.com\/es\/wp-json\/wp\/v2\/pages\/3105\/revisions"}],"predecessor-version":[{"id":3106,"href":"https:\/\/www.isardvdi.com\/es\/wp-json\/wp\/v2\/pages\/3105\/revisions\/3106"}],"wp:attachment":[{"href":"https:\/\/www.isardvdi.com\/es\/wp-json\/wp\/v2\/media?parent=3105"}],"curies":[{"name":"wp","href":"https:\/\/api.w.org\/{rel}","templated":true}]}}