{"id":3208,"date":"2026-03-31T07:40:06","date_gmt":"2026-03-31T06:40:06","guid":{"rendered":"https:\/\/www.isardvdi.com\/?page_id=3208"},"modified":"2026-03-31T08:14:19","modified_gmt":"2026-03-31T07:14:19","slug":"politica-de-seguridad-de-la-informacion-del-sgsi","status":"publish","type":"page","link":"https:\/\/www.isardvdi.com\/es\/politica-de-seguridad-de-la-informacion-del-sgsi\/","title":{"rendered":"Pol\u00edtica de Seguridad de la Informaci\u00f3n del SGSI"},"content":{"rendered":"\n<p>IsardVDI es una empresa especializada en el desarrollo, integraci\u00f3n e implantaci\u00f3n de soluciones abiertas, impulsando la autonom\u00eda tecnol\u00f3gica de instituciones y organizaciones mediante soluciones abiertas, seguras y flexibles.<\/p>\n\n\n\n<p>Con el objetivo de responder a la confianza depositada por nuestros clientes y usuarios, IsardVDI ha implantado un Sistema de Gesti\u00f3n de Seguridad de la Informaci\u00f3n (SGSI) orientado a proteger la informaci\u00f3n de nuestros sistemas frente a amenazas y a garantizar la continuidad del negocio mediante la minimizaci\u00f3n de riesgos.<\/p>\n\n\n\n<p>Mediante esta Pol\u00edtica, la Direcci\u00f3n de IsardVDI se compromete a preservar la confidencialidad, disponibilidad e integridad, as\u00ed como a garantizar la trazabilidad y autenticidad necesarias, proporcionando el marco de referencia para nuestro Sistema de Gesti\u00f3n de Seguridad de la Informaci\u00f3n, que nos permitir\u00e1:<\/p>\n\n\n\n<ul class=\"wp-block-list\">\n<li>Establecer los objetivos y responsabilidades de seguridad necesarios.<\/li>\n\n\n\n<li>Integrar la seguridad de la informaci\u00f3n y la protecci\u00f3n de los datos personales en todos los procesos.<\/li>\n\n\n\n<li>Implantar los controles y medidas necesarios para minimizar los riesgos de seguridad de la informaci\u00f3n y de privacidad.<\/li>\n\n\n\n<li>Cumplir con los requisitos del negocio, la legislaci\u00f3n y normativa vigente, as\u00ed como con las obligaciones contractuales en materia de seguridad de la informaci\u00f3n y privacidad.<\/li>\n\n\n\n<li>Garantizar la continuidad del negocio mediante el desarrollo de planes de continuidad conforme a est\u00e1ndares reconocidos.<\/li>\n\n\n\n<li>Promover la concienciaci\u00f3n y formaci\u00f3n continua de todo el personal.<\/li>\n\n\n\n<li>Asegurar la resoluci\u00f3n satisfactoria de las incidencias y el aprendizaje derivado de las mismas.<\/li>\n\n\n\n<li>Mantener un proceso de revisi\u00f3n y mejora continua.<\/li>\n<\/ul>\n\n\n\n<p>El alcance de esta Pol\u00edtica incluye a todo el personal, tanto propio como subcontratado, as\u00ed como a las empresas externas colaboradoras que acceden a la informaci\u00f3n de IsardVDI y a los sistemas de informaci\u00f3n que soportan los procesos de negocio y los servicios prestados.<\/p>\n\n\n\n<p>Independientemente del puesto de trabajo y de las funciones de cada persona, todos somos plenamente responsables de su aplicaci\u00f3n en nuestro \u00e1mbito de actuaci\u00f3n, garantizando as\u00ed la coherencia, la mejora continua y la satisfacci\u00f3n de los clientes internos y externos.<\/p>\n\n\n\n<p>Esta Pol\u00edtica de Seguridad de la Informaci\u00f3n es comunicada, entendida, implantada y mantenida en todos los niveles de la organizaci\u00f3n, y tambi\u00e9n se pone a disposici\u00f3n del p\u00fablico en general.<\/p>\n","protected":false},"excerpt":{"rendered":"","protected":false},"author":4,"featured_media":0,"parent":0,"menu_order":0,"comment_status":"closed","ping_status":"closed","template":"","meta":{"footnotes":""},"class_list":["post-3208","page","type-page","status-publish"],"_links":{"self":[{"href":"https:\/\/www.isardvdi.com\/es\/wp-json\/wp\/v2\/pages\/3208","targetHints":{"allow":["GET"]}}],"collection":[{"href":"https:\/\/www.isardvdi.com\/es\/wp-json\/wp\/v2\/pages"}],"about":[{"href":"https:\/\/www.isardvdi.com\/es\/wp-json\/wp\/v2\/types\/page"}],"author":[{"embeddable":true,"href":"https:\/\/www.isardvdi.com\/es\/wp-json\/wp\/v2\/users\/4"}],"replies":[{"embeddable":true,"href":"https:\/\/www.isardvdi.com\/es\/wp-json\/wp\/v2\/comments?post=3208"}],"version-history":[{"count":1,"href":"https:\/\/www.isardvdi.com\/es\/wp-json\/wp\/v2\/pages\/3208\/revisions"}],"predecessor-version":[{"id":3209,"href":"https:\/\/www.isardvdi.com\/es\/wp-json\/wp\/v2\/pages\/3208\/revisions\/3209"}],"wp:attachment":[{"href":"https:\/\/www.isardvdi.com\/es\/wp-json\/wp\/v2\/media?parent=3208"}],"curies":[{"name":"wp","href":"https:\/\/api.w.org\/{rel}","templated":true}]}}